{"id":15045,"date":"2025-05-13T17:09:36","date_gmt":"2025-05-13T16:09:36","guid":{"rendered":"https:\/\/chronorex-dz.com\/?page_id=15045"},"modified":"2025-05-13T17:11:52","modified_gmt":"2025-05-13T16:11:52","slug":"produits-interdits","status":"publish","type":"page","link":"https:\/\/chronorex-dz.com\/index.php\/produits-interdits\/","title":{"rendered":"Produits interdits"},"content":{"rendered":"\n<p>Ce document pr\u00e9sente la liste des produits que Chronorex Express ne transporte pas dans le cadre de ses services de livraison. Pour garantir la s\u00e9curit\u00e9 de nos op\u00e9rations, le respect des lois et la satisfaction de nos clients, nous refusons tout colis contenant les produits suivants :<\/p>\n\n\n\n<p>1. Articles dangereux et r\u00e9glement\u00e9s<\/p>\n\n\n\n<ul>\n<li>Mati\u00e8res inflammables, explosives ou radioactives, notamment :<\/li>\n\n\n\n<li>Armes \u00e0 feu, munitions, armes blanches ou tout \u00e9quipement militaire.<\/li>\n\n\n\n<li>Drogues, substances psychotropes ou tout produit illicite.<\/li>\n\n\n\n<li>Tabac et produits connexes.<\/li>\n\n\n\n<li>Alcool et boissons alcoolis\u00e9es.<\/li>\n<\/ul>\n\n\n\n<p>2. Articles de valeur exceptionnelle<\/p>\n\n\n\n<ul>\n<li>Objets de grande valeur ou sensibles, tels que :<\/li>\n<\/ul>\n\n\n\n<p>3. Produits p\u00e9rissables et biologiques<\/p>\n\n\n\n<ul>\n<li>Denr\u00e9es p\u00e9rissables ou n\u00e9cessitant un contr\u00f4le de temp\u00e9rature.<\/li>\n\n\n\n<li>Substances biologiques ou infectieuses, y compris les \u00e9chantillons de laboratoire m\u00e9dical.<\/li>\n\n\n\n<li>Animaux vivants ou produits d&rsquo;origine animale non transform\u00e9s (fourrures, ivoire, etc.).<\/li>\n<\/ul>\n\n\n\n<p>4. Contrefa\u00e7ons et produits l\u00e9galement interdits<\/p>\n\n\n\n<ul>\n<li>Contrefa\u00e7ons ou copies non autoris\u00e9es.<\/li>\n\n\n\n<li>Produits interdits \u00e0 la vente par les lois nationales ou internationales.<\/li>\n\n\n\n<li>Tout produit n\u00e9cessitant une autorisation sp\u00e9ciale de transport non obtenue.<\/li>\n<\/ul>\n\n\n\n<p>5. Produits interdits op\u00e9rationnellement<\/p>\n\n\n\n<ul>\n<li>Colis de moins de 50 g (sauf accord pr\u00e9alable).<\/li>\n\n\n\n<li>Objets d&rsquo;une valeur sup\u00e9rieure \u00e0 150 000 DA (sauf arrangement sp\u00e9cial).<\/li>\n\n\n\n<li>Passeports et documents d&rsquo;identit\u00e9.<\/li>\n<\/ul>\n\n\n\n<p>6. Produits interdits pour raisons de s\u00e9curit\u00e9<\/p>\n\n\n\n<ul>\n<li>Mati\u00e8res dangereuses non d\u00e9clar\u00e9es ou mal \u00e9tiquet\u00e9es.<\/li>\n\n\n\n<li>Produits susceptibles d&rsquo;endommager d&rsquo;autres colis ou le personnel de Chronorex Express.<\/li>\n<\/ul>\n","protected":false},"excerpt":{"rendered":"<p>Ce document pr\u00e9sente la liste des produits que Chronorex Express ne transporte pas dans le cadre de ses services de livraison. Pour garantir la s\u00e9curit\u00e9 de nos op\u00e9rations, le respect des lois et la satisfaction de nos clients, nous refusons tout colis contenant les produits suivants : 1. Articles dangereux et r\u00e9glement\u00e9s 2. Articles de &hellip; <a href=\"https:\/\/chronorex-dz.com\/index.php\/produits-interdits\/\" class=\"more-link\">Continue reading <span class=\"screen-reader-text\">Produits interdits<\/span><\/a><\/p>\n","protected":false},"author":2,"featured_media":0,"parent":0,"menu_order":0,"comment_status":"closed","ping_status":"closed","template":"","meta":{"footnotes":""},"yoast_head":"<!-- This site is optimized with the Yoast SEO Premium plugin v24.1 (Yoast SEO v24.5) - https:\/\/yoast.com\/wordpress\/plugins\/seo\/ -->\n<title>Produits interdits - CHRONOREX EXPRESS<\/title>\n<meta name=\"description\" content=\"Liste des produits interdits par Chronorex Express pour des raisons de s\u00e9curit\u00e9, l\u00e9galit\u00e9 ou conditions de transport.\" \/>\n<meta name=\"robots\" content=\"index, follow, max-snippet:-1, max-image-preview:large, max-video-preview:-1\" \/>\n<link rel=\"canonical\" href=\"https:\/\/chronorex-dz.com\/index.php\/produits-interdits\/\" \/>\n<meta property=\"og:locale\" content=\"fr_FR\" \/>\n<meta property=\"og:type\" content=\"article\" \/>\n<meta property=\"og:title\" content=\"Produits interdits\" \/>\n<meta property=\"og:description\" content=\"Liste des produits interdits par Chronorex Express pour des raisons de s\u00e9curit\u00e9, l\u00e9galit\u00e9 ou conditions de transport.\" \/>\n<meta property=\"og:url\" content=\"https:\/\/chronorex-dz.com\/index.php\/produits-interdits\/\" \/>\n<meta property=\"og:site_name\" content=\"CHRONOREX EXPRESS\" \/>\n<meta property=\"article:publisher\" content=\"https:\/\/www.facebook.com\/chronorex.express\" \/>\n<meta property=\"article:modified_time\" content=\"2025-05-13T16:11:52+00:00\" \/>\n<meta property=\"og:image\" content=\"https:\/\/chronorex-dz.com\/wp-content\/uploads\/2024\/06\/Opera-Snapshot_2024-06-06_202605_chronorex-dz.com_.png\" \/>\n\t<meta property=\"og:image:width\" content=\"1902\" \/>\n\t<meta property=\"og:image:height\" content=\"815\" \/>\n\t<meta property=\"og:image:type\" content=\"image\/png\" \/>\n<meta name=\"twitter:card\" content=\"summary_large_image\" \/>\n<meta name=\"twitter:site\" content=\"@chronorex_express\" \/>\n<meta name=\"twitter:label1\" content=\"Dur\u00e9e de lecture estim\u00e9e\" \/>\n\t<meta name=\"twitter:data1\" content=\"2 minutes\" \/>\n<script type=\"application\/ld+json\" class=\"yoast-schema-graph\">{\"@context\":\"https:\/\/schema.org\",\"@graph\":[{\"@type\":\"WebPage\",\"@id\":\"https:\/\/chronorex-dz.com\/index.php\/produits-interdits\/\",\"url\":\"https:\/\/chronorex-dz.com\/index.php\/produits-interdits\/\",\"name\":\"Produits interdits - CHRONOREX EXPRESS\",\"isPartOf\":{\"@id\":\"https:\/\/chronorex-dz.com\/#website\"},\"datePublished\":\"2025-05-13T16:09:36+00:00\",\"dateModified\":\"2025-05-13T16:11:52+00:00\",\"description\":\"Liste des produits interdits par Chronorex Express pour des raisons de s\u00e9curit\u00e9, l\u00e9galit\u00e9 ou conditions de transport.\",\"breadcrumb\":{\"@id\":\"https:\/\/chronorex-dz.com\/index.php\/produits-interdits\/#breadcrumb\"},\"inLanguage\":\"fr-FR\",\"potentialAction\":[{\"@type\":\"ReadAction\",\"target\":[\"https:\/\/chronorex-dz.com\/index.php\/produits-interdits\/\"]}]},{\"@type\":\"BreadcrumbList\",\"@id\":\"https:\/\/chronorex-dz.com\/index.php\/produits-interdits\/#breadcrumb\",\"itemListElement\":[{\"@type\":\"ListItem\",\"position\":1,\"name\":\"Home\",\"item\":\"https:\/\/chronorex-dz.com\/\"},{\"@type\":\"ListItem\",\"position\":2,\"name\":\"Produits interdits\"}]},{\"@type\":\"WebSite\",\"@id\":\"https:\/\/chronorex-dz.com\/#website\",\"url\":\"https:\/\/chronorex-dz.com\/\",\"name\":\"CHRONOREX EXPRESS\",\"description\":\"meilleur soci\u00e9t\u00e9 de livraison algerie\",\"publisher\":{\"@id\":\"https:\/\/chronorex-dz.com\/#organization\"},\"potentialAction\":[{\"@type\":\"SearchAction\",\"target\":{\"@type\":\"EntryPoint\",\"urlTemplate\":\"https:\/\/chronorex-dz.com\/?s={search_term_string}\"},\"query-input\":{\"@type\":\"PropertyValueSpecification\",\"valueRequired\":true,\"valueName\":\"search_term_string\"}}],\"inLanguage\":\"fr-FR\"},{\"@type\":\"Organization\",\"@id\":\"https:\/\/chronorex-dz.com\/#organization\",\"name\":\"CHRONOREX EXPRESS\",\"url\":\"https:\/\/chronorex-dz.com\/\",\"logo\":{\"@type\":\"ImageObject\",\"inLanguage\":\"fr-FR\",\"@id\":\"https:\/\/chronorex-dz.com\/#\/schema\/logo\/image\/\",\"url\":\"https:\/\/chronorex-dz.com\/wp-content\/uploads\/2024\/06\/chrono-logo-05.png\",\"contentUrl\":\"https:\/\/chronorex-dz.com\/wp-content\/uploads\/2024\/06\/chrono-logo-05.png\",\"width\":1921,\"height\":361,\"caption\":\"CHRONOREX EXPRESS\"},\"image\":{\"@id\":\"https:\/\/chronorex-dz.com\/#\/schema\/logo\/image\/\"},\"sameAs\":[\"https:\/\/www.facebook.com\/chronorex.express\",\"https:\/\/x.com\/chronorex_express\"],\"email\":\"contact@chronorex-dz.com\",\"telephone\":\"0798853653\",\"legalName\":\"SARL CHRONOREX EXPRESS\",\"foundingDate\":\"2024-07-07\",\"numberOfEmployees\":{\"@type\":\"QuantitativeValue\",\"minValue\":\"11\",\"maxValue\":\"50\"}}]}<\/script>\n<!-- \/ Yoast SEO Premium plugin. -->","yoast_head_json":{"title":"Produits interdits - CHRONOREX EXPRESS","description":"Liste des produits interdits par Chronorex Express pour des raisons de s\u00e9curit\u00e9, l\u00e9galit\u00e9 ou conditions de transport.","robots":{"index":"index","follow":"follow","max-snippet":"max-snippet:-1","max-image-preview":"max-image-preview:large","max-video-preview":"max-video-preview:-1"},"canonical":"https:\/\/chronorex-dz.com\/index.php\/produits-interdits\/","og_locale":"fr_FR","og_type":"article","og_title":"Produits interdits","og_description":"Liste des produits interdits par Chronorex Express pour des raisons de s\u00e9curit\u00e9, l\u00e9galit\u00e9 ou conditions de transport.","og_url":"https:\/\/chronorex-dz.com\/index.php\/produits-interdits\/","og_site_name":"CHRONOREX EXPRESS","article_publisher":"https:\/\/www.facebook.com\/chronorex.express","article_modified_time":"2025-05-13T16:11:52+00:00","og_image":[{"width":1902,"height":815,"url":"https:\/\/chronorex-dz.com\/wp-content\/uploads\/2024\/06\/Opera-Snapshot_2024-06-06_202605_chronorex-dz.com_.png","type":"image\/png"}],"twitter_card":"summary_large_image","twitter_site":"@chronorex_express","twitter_misc":{"Dur\u00e9e de lecture estim\u00e9e":"2 minutes"},"schema":{"@context":"https:\/\/schema.org","@graph":[{"@type":"WebPage","@id":"https:\/\/chronorex-dz.com\/index.php\/produits-interdits\/","url":"https:\/\/chronorex-dz.com\/index.php\/produits-interdits\/","name":"Produits interdits - CHRONOREX EXPRESS","isPartOf":{"@id":"https:\/\/chronorex-dz.com\/#website"},"datePublished":"2025-05-13T16:09:36+00:00","dateModified":"2025-05-13T16:11:52+00:00","description":"Liste des produits interdits par Chronorex Express pour des raisons de s\u00e9curit\u00e9, l\u00e9galit\u00e9 ou conditions de transport.","breadcrumb":{"@id":"https:\/\/chronorex-dz.com\/index.php\/produits-interdits\/#breadcrumb"},"inLanguage":"fr-FR","potentialAction":[{"@type":"ReadAction","target":["https:\/\/chronorex-dz.com\/index.php\/produits-interdits\/"]}]},{"@type":"BreadcrumbList","@id":"https:\/\/chronorex-dz.com\/index.php\/produits-interdits\/#breadcrumb","itemListElement":[{"@type":"ListItem","position":1,"name":"Home","item":"https:\/\/chronorex-dz.com\/"},{"@type":"ListItem","position":2,"name":"Produits interdits"}]},{"@type":"WebSite","@id":"https:\/\/chronorex-dz.com\/#website","url":"https:\/\/chronorex-dz.com\/","name":"CHRONOREX EXPRESS","description":"meilleur soci\u00e9t\u00e9 de livraison algerie","publisher":{"@id":"https:\/\/chronorex-dz.com\/#organization"},"potentialAction":[{"@type":"SearchAction","target":{"@type":"EntryPoint","urlTemplate":"https:\/\/chronorex-dz.com\/?s={search_term_string}"},"query-input":{"@type":"PropertyValueSpecification","valueRequired":true,"valueName":"search_term_string"}}],"inLanguage":"fr-FR"},{"@type":"Organization","@id":"https:\/\/chronorex-dz.com\/#organization","name":"CHRONOREX EXPRESS","url":"https:\/\/chronorex-dz.com\/","logo":{"@type":"ImageObject","inLanguage":"fr-FR","@id":"https:\/\/chronorex-dz.com\/#\/schema\/logo\/image\/","url":"https:\/\/chronorex-dz.com\/wp-content\/uploads\/2024\/06\/chrono-logo-05.png","contentUrl":"https:\/\/chronorex-dz.com\/wp-content\/uploads\/2024\/06\/chrono-logo-05.png","width":1921,"height":361,"caption":"CHRONOREX EXPRESS"},"image":{"@id":"https:\/\/chronorex-dz.com\/#\/schema\/logo\/image\/"},"sameAs":["https:\/\/www.facebook.com\/chronorex.express","https:\/\/x.com\/chronorex_express"],"email":"contact@chronorex-dz.com","telephone":"0798853653","legalName":"SARL CHRONOREX EXPRESS","foundingDate":"2024-07-07","numberOfEmployees":{"@type":"QuantitativeValue","minValue":"11","maxValue":"50"}}]}},"_links":{"self":[{"href":"https:\/\/chronorex-dz.com\/index.php\/wp-json\/wp\/v2\/pages\/15045"}],"collection":[{"href":"https:\/\/chronorex-dz.com\/index.php\/wp-json\/wp\/v2\/pages"}],"about":[{"href":"https:\/\/chronorex-dz.com\/index.php\/wp-json\/wp\/v2\/types\/page"}],"author":[{"embeddable":true,"href":"https:\/\/chronorex-dz.com\/index.php\/wp-json\/wp\/v2\/users\/2"}],"replies":[{"embeddable":true,"href":"https:\/\/chronorex-dz.com\/index.php\/wp-json\/wp\/v2\/comments?post=15045"}],"version-history":[{"count":0,"href":"https:\/\/chronorex-dz.com\/index.php\/wp-json\/wp\/v2\/pages\/15045\/revisions"}],"wp:attachment":[{"href":"https:\/\/chronorex-dz.com\/index.php\/wp-json\/wp\/v2\/media?parent=15045"}],"curies":[{"name":"wp","href":"https:\/\/api.w.org\/{rel}","templated":true}]}}