{"id":6602,"date":"2018-08-03T06:04:16","date_gmt":"2018-08-03T06:04:16","guid":{"rendered":"http:\/\/moversco-demo.pbminfotech.com\/?page_id=6602"},"modified":"2024-06-16T07:13:18","modified_gmt":"2024-06-16T06:13:18","slug":"contacts","status":"publish","type":"page","link":"https:\/\/chronorex-dz.com\/index.php\/contacts\/","title":{"rendered":"Contacts"},"content":{"rendered":"<div class=\"wpb-content-wrapper\"><p>[vc_row full_width=\u00a0\u00bbstretch_row_content_no_spaces\u00a0\u00bb css=\u00a0\u00bb.vc_custom_1544783279792{padding-top: 0px !important;padding-bottom: 0px !important;}\u00a0\u00bb][vc_column css=\u00a0\u00bb.vc_custom_1533528127280{padding-top: 0px !important;}\u00a0\u00bb][vc_raw_html]JTNDaWZyYW1lJTIwc3JjJTNEJTIyaHR0cHMlM0ElMkYlMkZ3d3cuZ29vZ2xlLmNvbSUyRm1hcHMlMkZlbWJlZCUzRnBiJTNEJTIxMW0xOCUyMTFtMTIlMjExbTMlMjExZDEyODMyLjQ1MjM5MDM1NzkyJTIxMmQyLjgyMjIxNDc2MTAzMjQzNCUyMTNkMzYuNDc4OTg0MzU3NDQzNjIlMjEybTMlMjExZjAlMjEyZjAlMjEzZjAlMjEzbTIlMjExaTEwMjQlMjEyaTc2OCUyMTRmMTMuMSUyMTNtMyUyMTFtMiUyMTFzMHgxMjhmMGQ3ZGRjMGVjMWVkJTI1M0EweDQyNTA3ZWI4YWQ4N2RlNzklMjEyelEwaFNUMDVQVWtWWUlId2cyS2ZaaE5pbzJMSFppdGl2SU5pbjJZVFlzOWl4MllyWXVRJTIxNWUwJTIxM20yJTIxMXNmciUyMTJzZHolMjE0djE3MTczNDI2Njg1MTglMjE1bTIlMjExc2ZyJTIxMnNkeiUyMiUyMHdpZHRoJTNEJTIyNjAwJTIyJTIwaGVpZ2h0JTNEJTIyNDUwJTIyJTIwc3R5bGUlM0QlMjJib3JkZXIlM0EwJTNCJTIyJTIwYWxsb3dmdWxsc2NyZWVuJTNEJTIyJTIyJTIwbG9hZGluZyUzRCUyMmxhenklMjIlMjByZWZlcnJlcnBvbGljeSUzRCUyMm5vLXJlZmVycmVyLXdoZW4tZG93bmdyYWRlJTIyJTNFJTNDJTJGaWZyYW1lJTNF[\/vc_raw_html][\/vc_column][\/vc_row][vc_row css=\u00a0\u00bb.vc_custom_1544783196132{padding-top: 40px !important;}\u00a0\u00bb][vc_column width=\u00a0\u00bb1\/6&Prime;][\/vc_column][vc_column width=\u00a0\u00bb2\/3&Prime;]<div class=\"themestek-element-heading-wrapper themestek-heading-inner themestek-element-align-center themestek-seperator-none \"><section class=\"themestek-vc_cta3-container\"><div class=\"themestek-vc_general themestek-vc_cta3 themestek-cta3-only themestek-vc_cta3-style-classic themestek-vc_cta3-shape-rounded themestek-vc_cta3-align-center themestek-vc_cta3-color-transparent themestek-vc_cta3-icon-size-md themestek-vc_cta3-actions-no themestek-cta3-without-desc\"><div class=\"themestek-vc_cta3_content-container\"><div class=\"themestek-vc_cta3-content\"><div class=\"themestek-vc_cta3-content-header themestek-wrap\"><div class=\"themestek-vc_cta3-headers themestek-wrap-cell\"><h4 class=\"themestek-custom-heading \" >CONTACTEZ-NOUS<\/h4>\n<h2 class=\"themestek-custom-heading \" >\u00c9crivez-nous<\/h2>\n<\/div><\/div><\/div><\/div><\/div><\/section><\/div> <!-- .themestek-element-heading-wrapper container --> \n<div class=\"wpcf7 no-js\" id=\"wpcf7-f7391-o1\" lang=\"en-US\" dir=\"ltr\">\n<div class=\"screen-reader-response\"><p role=\"status\" aria-live=\"polite\" aria-atomic=\"true\"><\/p> <ul><\/ul><\/div>\n<form action=\"\/index.php\/wp-json\/wp\/v2\/pages\/6602#wpcf7-f7391-o1\" method=\"post\" class=\"wpcf7-form init\" aria-label=\"Contact form\" novalidate=\"novalidate\" data-status=\"init\">\n<div style=\"display: none;\">\n<input type=\"hidden\" name=\"_wpcf7\" value=\"7391\" \/>\n<input type=\"hidden\" name=\"_wpcf7_version\" value=\"5.9.8\" \/>\n<input type=\"hidden\" name=\"_wpcf7_locale\" value=\"en_US\" \/>\n<input type=\"hidden\" name=\"_wpcf7_unit_tag\" value=\"wpcf7-f7391-o1\" \/>\n<input type=\"hidden\" name=\"_wpcf7_container_post\" value=\"0\" \/>\n<input type=\"hidden\" name=\"_wpcf7_posted_data_hash\" value=\"\" \/>\n<input type=\"hidden\" name=\"_wpcf7_recaptcha_response\" value=\"\" \/>\n<\/div>\n<div class=\"main-form\">\n\t<div class=\"row\">\n\t\t<div class=\"col-sm-12\">\n\t\t\t<div class=\"input-group\">\n\t\t\t\t<p><span class=\"wpcf7-form-control-wrap\" data-name=\"your-name\"><input size=\"40\" maxlength=\"400\" class=\"wpcf7-form-control wpcf7-text\" aria-invalid=\"false\" placeholder=\"votre nom\" value=\"\" type=\"text\" name=\"your-name\" \/><\/span>\n\t\t\t\t<\/p>\n\t\t\t<\/div>\n\t\t<\/div>\n\t\t<div class=\"col-sm-6\">\n\t\t\t<div class=\"input-group\">\n\t\t\t\t<p><span class=\"wpcf7-form-control-wrap\" data-name=\"your-phone\"><input size=\"40\" maxlength=\"400\" class=\"wpcf7-form-control wpcf7-text\" aria-invalid=\"false\" placeholder=\"Votre num\u00e9ro de t\u00e9l\u00e9phone\" value=\"\" type=\"text\" name=\"your-phone\" \/><\/span>\n\t\t\t\t<\/p>\n\t\t\t<\/div>\n\t\t<\/div>\n\t\t<div class=\"col-sm-6\">\n\t\t\t<div class=\"input-group\">\n\t\t\t\t<p><span class=\"wpcf7-form-control-wrap\" data-name=\"subject\"><input size=\"40\" maxlength=\"400\" class=\"wpcf7-form-control wpcf7-text\" aria-invalid=\"false\" placeholder=\"Sujette\" value=\"\" type=\"text\" name=\"subject\" \/><\/span>\n\t\t\t\t<\/p>\n\t\t\t<\/div>\n\t\t<\/div>\n\t\t<div class=\"col-sm-12\">\n\t\t\t<div class=\"input-group input-button\">\n\t\t\t\t<p><span class=\"wpcf7-form-control-wrap\" data-name=\"message\"><textarea cols=\"40\" rows=\"5\" maxlength=\"2000\" class=\"wpcf7-form-control wpcf7-textarea\" aria-invalid=\"false\" placeholder=\"Message\" name=\"message\"><\/textarea><\/span>\n\t\t\t\t<\/p>\n\t\t\t<\/div>\n\t\t<\/div>\n\t\t<div class=\"col-sm-12\">\n\t\t\t<div class=\"input-group input-button\">\n\t\t\t\t<p><input class=\"wpcf7-form-control wpcf7-submit has-spinner btn-block\" type=\"submit\" value=\"ENVOYER LE MESSAGE\" \/>\n\t\t\t\t<\/p>\n\t\t\t<\/div>\n\t\t<\/div>\n\t<\/div>\n<\/div><div class=\"wpcf7-response-output\" aria-hidden=\"true\"><\/div>\n<\/form>\n<\/div>\n[\/vc_column][vc_column width=\u00a0\u00bb1\/6&Prime;][\/vc_column][\/vc_row]<\/p>\n<\/div>","protected":false},"excerpt":{"rendered":"<p>[vc_row full_width=\u00a0\u00bbstretch_row_content_no_spaces\u00a0\u00bb css=\u00a0\u00bb.vc_custom_1544783279792{padding-top: 0px !important;padding-bottom: 0px !important;}\u00a0\u00bb][vc_column css=\u00a0\u00bb.vc_custom_1533528127280{padding-top: 0px !important;}\u00a0\u00bb][vc_raw_html]JTNDaWZyYW1lJTIwc3JjJTNEJTIyaHR0cHMlM0ElMkYlMkZ3d3cuZ29vZ2xlLmNvbSUyRm1hcHMlMkZlbWJlZCUzRnBiJTNEJTIxMW0xOCUyMTFtMTIlMjExbTMlMjExZDEyODMyLjQ1MjM5MDM1NzkyJTIxMmQyLjgyMjIxNDc2MTAzMjQzNCUyMTNkMzYuNDc4OTg0MzU3NDQzNjIlMjEybTMlMjExZjAlMjEyZjAlMjEzZjAlMjEzbTIlMjExaTEwMjQlMjEyaTc2OCUyMTRmMTMuMSUyMTNtMyUyMTFtMiUyMTFzMHgxMjhmMGQ3ZGRjMGVjMWVkJTI1M0EweDQyNTA3ZWI4YWQ4N2RlNzklMjEyelEwaFNUMDVQVWtWWUlId2cyS2ZaaE5pbzJMSFppdGl2SU5pbjJZVFlzOWl4MllyWXVRJTIxNWUwJTIxM20yJTIxMXNmciUyMTJzZHolMjE0djE3MTczNDI2Njg1MTglMjE1bTIlMjExc2ZyJTIxMnNkeiUyMiUyMHdpZHRoJTNEJTIyNjAwJTIyJTIwaGVpZ2h0JTNEJTIyNDUwJTIyJTIwc3R5bGUlM0QlMjJib3JkZXIlM0EwJTNCJTIyJTIwYWxsb3dmdWxsc2NyZWVuJTNEJTIyJTIyJTIwbG9hZGluZyUzRCUyMmxhenklMjIlMjByZWZlcnJlcnBvbGljeSUzRCUyMm5vLXJlZmVycmVyLXdoZW4tZG93bmdyYWRlJTIyJTNFJTNDJTJGaWZyYW1lJTNF[\/vc_raw_html][\/vc_column][\/vc_row][vc_row css=\u00a0\u00bb.vc_custom_1544783196132{padding-top: 40px !important;}\u00a0\u00bb][vc_column width=\u00a0\u00bb1\/6&Prime;][\/vc_column][vc_column width=\u00a0\u00bb2\/3&Prime;][\/vc_column][vc_column width=\u00a0\u00bb1\/6&Prime;][\/vc_column][\/vc_row]<\/p>\n","protected":false},"author":2,"featured_media":0,"parent":0,"menu_order":19,"comment_status":"closed","ping_status":"closed","template":"","meta":{"footnotes":""},"yoast_head":"<!-- This site is optimized with the Yoast SEO Premium plugin v24.1 (Yoast SEO v24.5) - https:\/\/yoast.com\/wordpress\/plugins\/seo\/ -->\n<title>Contacts - CHRONOREX EXPRESS<\/title>\n<meta name=\"description\" content=\"Contactez Chronorex, la premi\u00e8re entreprise de livraison en Alg\u00e9rie. Pour toute question ou demande, notre \u00e9quipe est \u00e0 votre \u00e9coute.\" \/>\n<meta name=\"robots\" content=\"index, follow, max-snippet:-1, max-image-preview:large, max-video-preview:-1\" \/>\n<link rel=\"canonical\" href=\"https:\/\/chronorex-dz.com\/index.php\/contacts\/\" \/>\n<meta property=\"og:locale\" content=\"fr_FR\" \/>\n<meta property=\"og:type\" content=\"article\" \/>\n<meta property=\"og:title\" content=\"Contacts\" \/>\n<meta property=\"og:description\" content=\"Contactez Chronorex, la premi\u00e8re entreprise de livraison en Alg\u00e9rie. Pour toute question ou demande, notre \u00e9quipe est \u00e0 votre \u00e9coute.\" \/>\n<meta property=\"og:url\" content=\"https:\/\/chronorex-dz.com\/index.php\/contacts\/\" \/>\n<meta property=\"og:site_name\" content=\"CHRONOREX EXPRESS\" \/>\n<meta property=\"article:publisher\" content=\"https:\/\/www.facebook.com\/chronorex.express\" \/>\n<meta property=\"article:modified_time\" content=\"2024-06-16T06:13:18+00:00\" \/>\n<meta property=\"og:image\" content=\"https:\/\/chronorex-dz.com\/wp-content\/uploads\/2024\/06\/Opera-Snapshot_2024-06-06_202605_chronorex-dz.com_.png\" \/>\n\t<meta property=\"og:image:width\" content=\"1902\" \/>\n\t<meta property=\"og:image:height\" content=\"815\" \/>\n\t<meta property=\"og:image:type\" content=\"image\/png\" \/>\n<meta name=\"twitter:card\" content=\"summary_large_image\" \/>\n<meta name=\"twitter:site\" content=\"@chronorex_express\" \/>\n<meta name=\"twitter:label1\" content=\"Dur\u00e9e de lecture estim\u00e9e\" \/>\n\t<meta name=\"twitter:data1\" content=\"1 minute\" \/>\n<script type=\"application\/ld+json\" class=\"yoast-schema-graph\">{\"@context\":\"https:\/\/schema.org\",\"@graph\":[{\"@type\":\"WebPage\",\"@id\":\"https:\/\/chronorex-dz.com\/index.php\/contacts\/\",\"url\":\"https:\/\/chronorex-dz.com\/index.php\/contacts\/\",\"name\":\"Contacts - CHRONOREX EXPRESS\",\"isPartOf\":{\"@id\":\"https:\/\/chronorex-dz.com\/#website\"},\"datePublished\":\"2018-08-03T06:04:16+00:00\",\"dateModified\":\"2024-06-16T06:13:18+00:00\",\"description\":\"Contactez Chronorex, la premi\u00e8re entreprise de livraison en Alg\u00e9rie. Pour toute question ou demande, notre \u00e9quipe est \u00e0 votre \u00e9coute.\",\"breadcrumb\":{\"@id\":\"https:\/\/chronorex-dz.com\/index.php\/contacts\/#breadcrumb\"},\"inLanguage\":\"fr-FR\",\"potentialAction\":[{\"@type\":\"ReadAction\",\"target\":[\"https:\/\/chronorex-dz.com\/index.php\/contacts\/\"]}]},{\"@type\":\"BreadcrumbList\",\"@id\":\"https:\/\/chronorex-dz.com\/index.php\/contacts\/#breadcrumb\",\"itemListElement\":[{\"@type\":\"ListItem\",\"position\":1,\"name\":\"Home\",\"item\":\"https:\/\/chronorex-dz.com\/\"},{\"@type\":\"ListItem\",\"position\":2,\"name\":\"Contacts\"}]},{\"@type\":\"WebSite\",\"@id\":\"https:\/\/chronorex-dz.com\/#website\",\"url\":\"https:\/\/chronorex-dz.com\/\",\"name\":\"CHRONOREX EXPRESS\",\"description\":\"meilleur soci\u00e9t\u00e9 de livraison algerie\",\"publisher\":{\"@id\":\"https:\/\/chronorex-dz.com\/#organization\"},\"potentialAction\":[{\"@type\":\"SearchAction\",\"target\":{\"@type\":\"EntryPoint\",\"urlTemplate\":\"https:\/\/chronorex-dz.com\/?s={search_term_string}\"},\"query-input\":{\"@type\":\"PropertyValueSpecification\",\"valueRequired\":true,\"valueName\":\"search_term_string\"}}],\"inLanguage\":\"fr-FR\"},{\"@type\":\"Organization\",\"@id\":\"https:\/\/chronorex-dz.com\/#organization\",\"name\":\"CHRONOREX EXPRESS\",\"url\":\"https:\/\/chronorex-dz.com\/\",\"logo\":{\"@type\":\"ImageObject\",\"inLanguage\":\"fr-FR\",\"@id\":\"https:\/\/chronorex-dz.com\/#\/schema\/logo\/image\/\",\"url\":\"https:\/\/chronorex-dz.com\/wp-content\/uploads\/2024\/06\/chrono-logo-05.png\",\"contentUrl\":\"https:\/\/chronorex-dz.com\/wp-content\/uploads\/2024\/06\/chrono-logo-05.png\",\"width\":1921,\"height\":361,\"caption\":\"CHRONOREX EXPRESS\"},\"image\":{\"@id\":\"https:\/\/chronorex-dz.com\/#\/schema\/logo\/image\/\"},\"sameAs\":[\"https:\/\/www.facebook.com\/chronorex.express\",\"https:\/\/x.com\/chronorex_express\"],\"email\":\"contact@chronorex-dz.com\",\"telephone\":\"0798853653\",\"legalName\":\"SARL CHRONOREX EXPRESS\",\"foundingDate\":\"2024-07-07\",\"numberOfEmployees\":{\"@type\":\"QuantitativeValue\",\"minValue\":\"11\",\"maxValue\":\"50\"}}]}<\/script>\n<!-- \/ Yoast SEO Premium plugin. -->","yoast_head_json":{"title":"Contacts - CHRONOREX EXPRESS","description":"Contactez Chronorex, la premi\u00e8re entreprise de livraison en Alg\u00e9rie. Pour toute question ou demande, notre \u00e9quipe est \u00e0 votre \u00e9coute.","robots":{"index":"index","follow":"follow","max-snippet":"max-snippet:-1","max-image-preview":"max-image-preview:large","max-video-preview":"max-video-preview:-1"},"canonical":"https:\/\/chronorex-dz.com\/index.php\/contacts\/","og_locale":"fr_FR","og_type":"article","og_title":"Contacts","og_description":"Contactez Chronorex, la premi\u00e8re entreprise de livraison en Alg\u00e9rie. Pour toute question ou demande, notre \u00e9quipe est \u00e0 votre \u00e9coute.","og_url":"https:\/\/chronorex-dz.com\/index.php\/contacts\/","og_site_name":"CHRONOREX EXPRESS","article_publisher":"https:\/\/www.facebook.com\/chronorex.express","article_modified_time":"2024-06-16T06:13:18+00:00","og_image":[{"width":1902,"height":815,"url":"https:\/\/chronorex-dz.com\/wp-content\/uploads\/2024\/06\/Opera-Snapshot_2024-06-06_202605_chronorex-dz.com_.png","type":"image\/png"}],"twitter_card":"summary_large_image","twitter_site":"@chronorex_express","twitter_misc":{"Dur\u00e9e de lecture estim\u00e9e":"1 minute"},"schema":{"@context":"https:\/\/schema.org","@graph":[{"@type":"WebPage","@id":"https:\/\/chronorex-dz.com\/index.php\/contacts\/","url":"https:\/\/chronorex-dz.com\/index.php\/contacts\/","name":"Contacts - CHRONOREX EXPRESS","isPartOf":{"@id":"https:\/\/chronorex-dz.com\/#website"},"datePublished":"2018-08-03T06:04:16+00:00","dateModified":"2024-06-16T06:13:18+00:00","description":"Contactez Chronorex, la premi\u00e8re entreprise de livraison en Alg\u00e9rie. Pour toute question ou demande, notre \u00e9quipe est \u00e0 votre \u00e9coute.","breadcrumb":{"@id":"https:\/\/chronorex-dz.com\/index.php\/contacts\/#breadcrumb"},"inLanguage":"fr-FR","potentialAction":[{"@type":"ReadAction","target":["https:\/\/chronorex-dz.com\/index.php\/contacts\/"]}]},{"@type":"BreadcrumbList","@id":"https:\/\/chronorex-dz.com\/index.php\/contacts\/#breadcrumb","itemListElement":[{"@type":"ListItem","position":1,"name":"Home","item":"https:\/\/chronorex-dz.com\/"},{"@type":"ListItem","position":2,"name":"Contacts"}]},{"@type":"WebSite","@id":"https:\/\/chronorex-dz.com\/#website","url":"https:\/\/chronorex-dz.com\/","name":"CHRONOREX EXPRESS","description":"meilleur soci\u00e9t\u00e9 de livraison algerie","publisher":{"@id":"https:\/\/chronorex-dz.com\/#organization"},"potentialAction":[{"@type":"SearchAction","target":{"@type":"EntryPoint","urlTemplate":"https:\/\/chronorex-dz.com\/?s={search_term_string}"},"query-input":{"@type":"PropertyValueSpecification","valueRequired":true,"valueName":"search_term_string"}}],"inLanguage":"fr-FR"},{"@type":"Organization","@id":"https:\/\/chronorex-dz.com\/#organization","name":"CHRONOREX EXPRESS","url":"https:\/\/chronorex-dz.com\/","logo":{"@type":"ImageObject","inLanguage":"fr-FR","@id":"https:\/\/chronorex-dz.com\/#\/schema\/logo\/image\/","url":"https:\/\/chronorex-dz.com\/wp-content\/uploads\/2024\/06\/chrono-logo-05.png","contentUrl":"https:\/\/chronorex-dz.com\/wp-content\/uploads\/2024\/06\/chrono-logo-05.png","width":1921,"height":361,"caption":"CHRONOREX EXPRESS"},"image":{"@id":"https:\/\/chronorex-dz.com\/#\/schema\/logo\/image\/"},"sameAs":["https:\/\/www.facebook.com\/chronorex.express","https:\/\/x.com\/chronorex_express"],"email":"contact@chronorex-dz.com","telephone":"0798853653","legalName":"SARL CHRONOREX EXPRESS","foundingDate":"2024-07-07","numberOfEmployees":{"@type":"QuantitativeValue","minValue":"11","maxValue":"50"}}]}},"_links":{"self":[{"href":"https:\/\/chronorex-dz.com\/index.php\/wp-json\/wp\/v2\/pages\/6602"}],"collection":[{"href":"https:\/\/chronorex-dz.com\/index.php\/wp-json\/wp\/v2\/pages"}],"about":[{"href":"https:\/\/chronorex-dz.com\/index.php\/wp-json\/wp\/v2\/types\/page"}],"author":[{"embeddable":true,"href":"https:\/\/chronorex-dz.com\/index.php\/wp-json\/wp\/v2\/users\/2"}],"replies":[{"embeddable":true,"href":"https:\/\/chronorex-dz.com\/index.php\/wp-json\/wp\/v2\/comments?post=6602"}],"version-history":[{"count":0,"href":"https:\/\/chronorex-dz.com\/index.php\/wp-json\/wp\/v2\/pages\/6602\/revisions"}],"wp:attachment":[{"href":"https:\/\/chronorex-dz.com\/index.php\/wp-json\/wp\/v2\/media?parent=6602"}],"curies":[{"name":"wp","href":"https:\/\/api.w.org\/{rel}","templated":true}]}}