{"id":6669,"date":"2018-08-03T08:06:05","date_gmt":"2018-08-03T08:06:05","guid":{"rendered":"http:\/\/moversco-demo.pbminfotech.com\/?page_id=6669"},"modified":"2024-07-08T13:46:22","modified_gmt":"2024-07-08T12:46:22","slug":"qui-sommes-nous","status":"publish","type":"page","link":"https:\/\/chronorex-dz.com\/index.php\/qui-sommes-nous\/","title":{"rendered":"Qui sommes nous"},"content":{"rendered":"<div class=\"wpb-content-wrapper\"><p>[vc_row themestek_bgcolor=\u00a0\u00bbwhite\u00a0\u00bb gap=\u00a0\u00bb0px\u00a0\u00bb][vc_column width=\u00a0\u00bb1\/2&Prime;]<div class=\"themestek-element-heading-wrapper themestek-heading-inner themestek-element-align-left themestek-seperator-none \"><section class=\"themestek-vc_cta3-container\"><div class=\"themestek-vc_general themestek-vc_cta3 themestek-cta3-only themestek-vc_cta3-style-classic themestek-vc_cta3-shape-rounded themestek-vc_cta3-align-left themestek-vc_cta3-color-transparent themestek-vc_cta3-icon-size-md themestek-vc_cta3-actions-no themestek-cta3-without-desc\"><div class=\"themestek-vc_cta3_content-container\"><div class=\"themestek-vc_cta3-content\"><div class=\"themestek-vc_cta3-content-header themestek-wrap\"><div class=\"themestek-vc_cta3-headers themestek-wrap-cell\"><h4 class=\"themestek-custom-heading \" >NOTRE COMPAGNIE<\/h4>\n<h2 class=\"themestek-custom-heading \" >Nous sommes une entreprise de logistique bas\u00e9e en Alg\u00e9rie<\/h2>\n<\/div><\/div><\/div><\/div><\/div><\/section><\/div> <!-- .themestek-element-heading-wrapper container --> [vc_column_text css=\u00a0\u00bb\u00a0\u00bb]<\/p>\n<div class=\"wpb_text_column wpb_content_element vc_custom_1717837100004\">\n<div class=\"wpb_wrapper\">\n<p>La SARL Chronorex est une entreprise alg\u00e9rienne fond\u00e9e en 2024, sp\u00e9cialis\u00e9e dans le transports de fret et de colis. Elle b\u00e9n\u00e9ficie de l\u2019exp\u00e9rience av\u00e9r\u00e9e de ses actionnaires dans le secteur du courrier express aux standards internationaux.<\/p>\n<\/div>\n<\/div>\n<p>[\/vc_column_text][vc_single_image image=\u00a0\u00bb9975&Prime; img_size=\u00a0\u00bb584&#215;300&Prime; el_class=\u00a0\u00bbthemestek-single-image-768&Prime;][\/vc_column][vc_column width=\u00a0\u00bb1\/2&Prime; css=\u00a0\u00bb.vc_custom_1552285947447{padding-left: 30px !important;}\u00a0\u00bb themestek_responsive_css=\u00a0\u00bb12665472|colbreak_no|||||||||colbreak_no|||||||||colbreak_no||||||||15||colbreak_no|||||||||\u00a0\u00bb][vc_single_image image=\u00a0\u00bb9968&Prime; img_size=\u00a0\u00bb584&#215;400&Prime; el_class=\u00a0\u00bbthemestek-single-image-768&Prime;][vc_custom_heading text=\u00a0\u00bbCe que nous faisons\u00a0\u00bb font_container=\u00a0\u00bbtag:h5|text_align:left\u00a0\u00bb use_theme_fonts=\u00a0\u00bbyes\u00a0\u00bb css=\u00a0\u00bb.vc_custom_1717850910169{padding-top: 0px !important;}\u00a0\u00bb][vc_row_inner gap=\u00a0\u00bb0px\u00a0\u00bb css=\u00a0\u00bb.vc_custom_1551343635648{padding-top: 0px !important;}\u00a0\u00bb][vc_column_inner width=\u00a0\u00bb1\/2&Prime;]<ul class=\"themestek-list themestek-list-style-icon themestek-list-icon-color-skincolor themestek- themestek-icon-skincolor themestek-list-textsize- themestek-list-icon-library-fontawesome\"><li><i class=\"themestek-skincolor fa fa-check\"><\/i>  <span class=\"themestek-list-li-content\">Stockage et emballage<\/span><\/li><li><i class=\"themestek-skincolor fa fa-check\"><\/i>  <span class=\"themestek-list-li-content\">Livraison dans 58 WILAYA<\/span><\/li><li><i class=\"themestek-skincolor fa fa-check\"><\/i>  <span class=\"themestek-list-li-content\">R\u00e9cup\u00e9rez les colis \u00e0 votre porte<\/span><\/li><\/ul>[\/vc_column_inner][vc_column_inner width=\u00a0\u00bb1\/2&Prime;]<ul class=\"themestek-list themestek-list-style-icon themestek-list-icon-color-skincolor themestek- themestek-icon-skincolor themestek-list-textsize- themestek-list-icon-library-fontawesome\"><li><i class=\"themestek-skincolor fa fa-check\"><\/i>  <span class=\"themestek-list-li-content\">Paiement a la livraison (COD).<\/span><\/li><\/ul>[\/vc_column_inner][\/vc_row_inner][\/vc_column][\/vc_row][vc_row themestek_bgcolor=\u00a0\u00bbwhite\u00a0\u00bb full_width=\u00a0\u00bbstretch_row\u00a0\u00bb gap=\u00a0\u00bb0px\u00a0\u00bb css=\u00a0\u00bb.vc_custom_1551340563693{padding-top: 50px !important;padding-bottom: 50px !important;}\u00a0\u00bb][vc_column]<div class=\"themestek-element-heading-wrapper themestek-heading-inner themestek-element-align-center themestek-seperator-none \"><section class=\"themestek-vc_cta3-container\"><div class=\"themestek-vc_general themestek-vc_cta3 themestek-cta3-only themestek-vc_cta3-style-classic themestek-vc_cta3-shape-rounded themestek-vc_cta3-align-center themestek-vc_cta3-color-transparent themestek-vc_cta3-icon-size-md themestek-vc_cta3-actions-no themestek-cta3-without-desc\"><div class=\"themestek-vc_cta3_content-container\"><div class=\"themestek-vc_cta3-content\"><div class=\"themestek-vc_cta3-content-header themestek-wrap\"><div class=\"themestek-vc_cta3-headers themestek-wrap-cell\"><h4 class=\"themestek-custom-heading \" >FAITS AMUSANTS<\/h4>\n<h2 class=\"themestek-custom-heading \" >Les nombres de compteurs parlent<\/h2>\n<\/div><\/div><\/div><\/div><\/div><\/section><\/div> <!-- .themestek-element-heading-wrapper container --> [vc_row_inner gap=\u00a0\u00bb0px\u00a0\u00bb css=\u00a0\u00bb.vc_custom_1551340630180{padding-top: 40px !important;padding-bottom: 60px !important;}\u00a0\u00bb][vc_column_inner width=\u00a0\u00bb1\/3&Prime; css=\u00a0\u00bb.vc_custom_1547721837294{border-right-width: 1px !important;border-right-color: rgba(0,0,0,0.1) !important;border-right-style: solid !important;}\u00a0\u00bb]<div class=\"themestek-fid inside themestek-fid-boxstyle-without-icon themestek-fidbox-style-3\">\r\n\t<div class=\"themestek-fld-contents\">\r\n\t\t<div class=\"themestek-ihbox-icon themestek-large-icon themestek-icon-skincolor\">\r\n\t\t\t<div class=\"themestek-sbox-icon-wrapper\"><i class=\"themestek-moversco-business-icon themestek-moversco-business-icon-delivery-truck\"><\/i><\/div>\t\t\t\t\t<\/div>\r\n\t\t<div class=\"themestek-fid-inner\">\r\n\t\t\t<span\r\n\t\t\t\tdata-appear-animation = \"animateDigits\"\r\n\t\t\t\tdata-from             = \"0\"\r\n\t\t\t\tdata-to               = \"2459\"\r\n\t\t\t\tdata-interval         = \"5\"\r\n\t\t\t\t>\r\n\t\t\t\t\t2459\t\t\t<\/span>\r\n\t\t\t\t\t<\/div>\r\n\t\t<h3 class=\"themestek-fid-title\"><span>Client Choisissez notre entreprise<br><\/span><\/h3>\r\n\t<\/div><!-- .themestek-fld-contents -->\r\n<\/div>\r\n[\/vc_column_inner][vc_column_inner width=\u00a0\u00bb1\/3&Prime; css=\u00a0\u00bb.vc_custom_1552285606614{border-right-width: 1px !important;border-right-color: rgba(0,0,0,0.1) !important;border-right-style: solid !important;}\u00a0\u00bb themestek_responsive_css=\u00a0\u00bb19808682|colbreak_no|||||||||colbreak_no|||||||||colbreak_no|50||50|||||||colbreak_no|||||||||\u00a0\u00bb]<div class=\"themestek-fid inside themestek-fid-boxstyle-without-icon themestek-fidbox-style-3\">\r\n\t<div class=\"themestek-fld-contents\">\r\n\t\t<div class=\"themestek-ihbox-icon themestek-large-icon themestek-icon-skincolor\">\r\n\t\t\t<div class=\"themestek-sbox-icon-wrapper\"><i class=\"themestek-moversco-business-icon themestek-moversco-business-icon-box\"><\/i><\/div>\t\t\t\t\t<\/div>\r\n\t\t<div class=\"themestek-fid-inner\">\r\n\t\t\t<span\r\n\t\t\t\tdata-appear-animation = \"animateDigits\"\r\n\t\t\t\tdata-from             = \"0\"\r\n\t\t\t\tdata-to               = \"839093\"\r\n\t\t\t\tdata-interval         = \"5\"\r\n\t\t\t\t>\r\n\t\t\t\t\t839093\t\t\t<\/span>\r\n\t\t\t\t\t<\/div>\r\n\t\t<h3 class=\"themestek-fid-title\"><span>Colis livr\u00e9 avec succ\u00e8s<br><\/span><\/h3>\r\n\t<\/div><!-- .themestek-fld-contents -->\r\n<\/div>\r\n[\/vc_column_inner][vc_column_inner width=\u00a0\u00bb1\/3&Prime;]<div class=\"themestek-fid inside themestek-fid-boxstyle-without-icon themestek-fidbox-style-3\">\r\n\t<div class=\"themestek-fld-contents\">\r\n\t\t<div class=\"themestek-ihbox-icon themestek-large-icon themestek-icon-skincolor\">\r\n\t\t\t<div class=\"themestek-sbox-icon-wrapper\"><i class=\"themestek-moversco-business-icon themestek-moversco-business-icon-like\"><\/i><\/div>\t\t\t\t\t<\/div>\r\n\t\t<div class=\"themestek-fid-inner\">\r\n\t\t\t<span\r\n\t\t\t\tdata-appear-animation = \"animateDigits\"\r\n\t\t\t\tdata-from             = \"0\"\r\n\t\t\t\tdata-to               = \"5478\"\r\n\t\t\t\tdata-interval         = \"5\"\r\n\t\t\t\t>\r\n\t\t\t\t\t5478\t\t\t<\/span>\r\n\t\t\t\t\t<\/div>\r\n\t\t<h3 class=\"themestek-fid-title\"><span>Les clients sont satisfaits de notre service<br><\/span><\/h3>\r\n\t<\/div><!-- .themestek-fld-contents -->\r\n<\/div>\r\n[\/vc_column_inner][\/vc_row_inner][\/vc_column][\/vc_row][vc_row themestek_bgcolor=\u00a0\u00bbdarkgrey\u00a0\u00bb full_width=\u00a0\u00bbstretch_row\u00a0\u00bb gap=\u00a0\u00bb0px\u00a0\u00bb css=\u00a0\u00bb.vc_custom_1717865379536{padding-top: 180px !important;padding-bottom: 0px !important;background: rgba(0,0,0,0.01) url(https:\/\/chronorex-dz.com\/wp-content\/uploads\/2024\/06\/1.png?id=9979) !important;background-position: center !important;background-repeat: no-repeat !important;background-size: cover !important;*background-color: rgb(0,0,0) !important;}\u00a0\u00bb][vc_column themestek_bgcolor=\u00a0\u00bbdarkgrey\u00a0\u00bb themestek_col_bg_expand=\u00a0\u00bbleft\u00a0\u00bb width=\u00a0\u00bb1\/2&Prime; css=\u00a0\u00bb.vc_custom_1550816699286{margin-bottom: -40px !important;padding-top: 76px !important;padding-right: 70px !important;padding-bottom: 45px !important;}\u00a0\u00bb el_class=\u00a0\u00bbthemestek-testimonialbox-style-1-colum\u00a0\u00bb]<div class=\"themestek-boxes themestek-boxes-testimonial themestek-boxes-view-carousel themestek-testimonial-style-1 themestek-boxes-col-one themestek-boxes-sortable-no themestek-boxes-textalign-left themestek-boxes-sortablebutton- themestek-boxes-carousel-arrows-0\" data-themestek-speed=\"1500\" data-themestek-autoplay=\"1\" data-themestek-autoplayspeed=\"4500\" data-themestek-loop=\"1\" data-themestek-dots=\"1\" data-themestek-nav=\"0\" data-themestek-centermode=\"0\" data-themestek-pauseonfocus=\"1\" data-themestek-pauseonhover=\"1\" data-themestek-slidestoscroll=\"column\" data-themestek-effecttype=\"slide\">\r\n\t\t<div class=\"themestek-boxes-inner themestek-boxes-testimonial-inner \"><div class=\"themestek-box-heading-wrapper themestek-element-align-left\"><div class=\"themestek-element-heading-wrapper themestek-heading-inner themestek-element-align-left themestek-seperator-none \"><section class=\"themestek-vc_cta3-container\"><div class=\"themestek-vc_general themestek-vc_cta3 themestek-cta3-only themestek-vc_cta3-style-classic themestek-vc_cta3-shape-rounded themestek-vc_cta3-align-left themestek-vc_cta3-color-transparent themestek-vc_cta3-icon-size-md themestek-vc_cta3-actions-no themestek-cta3-without-desc\"><div class=\"themestek-vc_cta3_content-container\"><div class=\"themestek-vc_cta3-content\"><div class=\"themestek-vc_cta3-content-header themestek-wrap\"><div class=\"themestek-vc_cta3-headers themestek-wrap-cell\"><h4 class=\"themestek-custom-heading \" >NOS CLIENTS DISENT<\/h4>\n<h2 class=\"themestek-custom-heading \" >Nous aimons nos clients<br \/>\nEt ils nous aiment<\/h2>\n<\/div><\/div><\/div><\/div><\/div><\/section><\/div> <!-- .themestek-element-heading-wrapper container --> <\/div> <!-- .themestek-element-heading-wrapper container --> \r\n\t\t\t\r\n\t\t\t<div class=\"row multi-columns-row themestek-boxes-row-wrapper\">\r\n\t\t\t\t<div class=\"themestek-box-col-wrapper col-lg-12 col-sm-12 col-md-12 col-xs-12 \"><article class=\"themestek-box themestek-box-testimonial themestek-testimonialbox-style-1\">\r\n\t<div class=\"themestek-post-item\">\t\r\n\t\t<div class=\"themestek-box-content\">\r\n\t\t\t<div class=\"themestek-box-desc\"><blockquote class=\"themestek-testimonial-text\">J\u2019ai \u00e9t\u00e9 incroyablement satisfait du service de la soci\u00e9t\u00e9 de livraison Chronorex ! La livraison est rapide et ponctuelle, les livreurs sont tr\u00e8s professionnels et aimables . Les colis \ud83d\udce6 arrive en parfaite \u00e9tat, et exactement dans les d\u00e9lais annonc\u00e9s. J\u2019ai \u00e9galement appr\u00e9ci\u00e9 leur syst\u00e8me de suivi, qui m\u2019a tenu inform\u00e9 \u00e0 chaque \u00e9tape. Je recommande vivement cette entreprise pour son efficacit\u00e9 et son s\u00e9rieux. Bravo \u00e0 toute l\u2019\u00e9quipe !<\/blockquote><\/div>\r\n\t\t\t<div class=\"themestek-box-author\">\t\t\t\t\r\n\t\t\t\t<div class=\"themestek-box-title\"><h3 class=\"themestek-author-name\">Glamour Express<\/h3><span class=\"themestek-box-footer\">Client<\/span><\/div>\r\n\t\t\t<\/div>\t\t\r\n\t\t<\/div>\r\n\t<\/div>\r\n<\/article><\/div><div class=\"themestek-box-col-wrapper col-lg-12 col-sm-12 col-md-12 col-xs-12 \"><article class=\"themestek-box themestek-box-testimonial themestek-testimonialbox-style-1\">\r\n\t<div class=\"themestek-post-item\">\t\r\n\t\t<div class=\"themestek-box-content\">\r\n\t\t\t<div class=\"themestek-box-desc\"><blockquote class=\"themestek-testimonial-text\">\r\n\r\n\r\n\r\n\r\n\r\n\r\n\r\n\r\nJe tiens \u00e0 exprimer ma profonde gratitude \u00e0 l'\u00e9quipe de Chronorex pour leurs services exceptionnels qui ont largement d\u00e9pass\u00e9 mes attentes. L'entreprise a prouv\u00e9 son engagement total envers la qualit\u00e9 et la pr\u00e9cision, car la livraison a \u00e9t\u00e9 effectu\u00e9e dans les d\u00e9lais impartis et de mani\u00e8re professionnelle \ud83d\ude9a\u2728. Je suis extr\u00eamement reconnaissante pour le professionnalisme affich\u00e9 \u00e0 chaque \u00e9tape du service et j'ai h\u00e2te de profiter de vos services de qualit\u00e9 \u00e0 l'avenir\ud83d\ude4f. Merci pour tout le confort et les facilit\u00e9s que vous m'avez offerts.\r\n\r\n\r\n\r\n\r\n\r\n\r\n\r\n\r\n<\/blockquote><\/div>\r\n\t\t\t<div class=\"themestek-box-author\">\t\t\t\t\r\n\t\t\t\t<div class=\"themestek-box-title\"><h3 class=\"themestek-author-name\">Boutique pour Elle<\/h3><span class=\"themestek-box-footer\">Client<\/span><\/div>\r\n\t\t\t<\/div>\t\t\r\n\t\t<\/div>\r\n\t<\/div>\r\n<\/article><\/div><div class=\"themestek-box-col-wrapper col-lg-12 col-sm-12 col-md-12 col-xs-12 \"><article class=\"themestek-box themestek-box-testimonial themestek-testimonialbox-style-1\">\r\n\t<div class=\"themestek-post-item\">\t\r\n\t\t<div class=\"themestek-box-content\">\r\n\t\t\t<div class=\"themestek-box-desc\"><blockquote class=\"themestek-testimonial-text\">Propri\u00e9taire de Frhti Store, je suis tr\u00e8s satisfait de CHRONOREX EXPRESS. Leur \u00e9quipe est ponctuelle, professionnelle et fiable. Nos clients re\u00e7oivent leurs commandes rapidement et en parfait \u00e9tat, am\u00e9liorant notre r\u00e9putation. Je recommande vivement CHRONOREX pour des solutions de livraison efficaces et s\u00e9curis\u00e9es.<\/blockquote><\/div>\r\n\t\t\t<div class=\"themestek-box-author\">\t\t\t\t\r\n\t\t\t\t<div class=\"themestek-box-title\"><h3 class=\"themestek-author-name\"><a href=\"https:\/\/frhti.com\" target=\"_blank\">Frhti Store<\/a><\/h3><span class=\"themestek-box-footer\">Ecommerce Store<\/span><\/div>\r\n\t\t\t<\/div>\t\t\r\n\t\t<\/div>\r\n\t<\/div>\r\n<\/article><\/div>\r\n\t\t\t<\/div>\r\n\t\t<\/div><!-- .themestek-boxes-inner -->   <\/div><!-- .themestek-boxes -->  [\/vc_column][vc_column width=\u00a0\u00bb1\/2&Prime;]<div class=\"themestek-vc_icon_element themestek-vc_icon_element-outer themestek-vc_icon_element-align-center  themestek-vc_icon_element-have-style ts-playeffect-white vc_custom_1551873333096\"><div class=\"themestek-vc_icon_element-inner  themestek-vc_icon_element-have-style-inner themestek-vc_icon_element-color-skincolor themestek-vc_icon_element-size-xl themestek-vc_icon_element-style-rounded themestek-vc_icon_element-background themestek-vc_icon_element-background-color-white\" ><span class=\"themestek-vc_icon_element-icon themifyicon ti-control-play\" ><\/span><\/div><\/div>[\/vc_column][\/vc_row]<\/p>\n<\/div>","protected":false},"excerpt":{"rendered":"<p>[vc_row themestek_bgcolor=\u00a0\u00bbwhite\u00a0\u00bb gap=\u00a0\u00bb0px\u00a0\u00bb][vc_column width=\u00a0\u00bb1\/2&Prime;][vc_column_text css=\u00a0\u00bb\u00a0\u00bb] La SARL Chronorex est une entreprise alg\u00e9rienne fond\u00e9e en 2024, sp\u00e9cialis\u00e9e dans le transports de fret et de colis. Elle b\u00e9n\u00e9ficie de l\u2019exp\u00e9rience av\u00e9r\u00e9e de ses actionnaires dans le secteur du courrier express aux standards internationaux. [\/vc_column_text][vc_single_image image=\u00a0\u00bb9975&Prime; img_size=\u00a0\u00bb584&#215;300&Prime; el_class=\u00a0\u00bbthemestek-single-image-768&Prime;][\/vc_column][vc_column width=\u00a0\u00bb1\/2&Prime; css=\u00a0\u00bb.vc_custom_1552285947447{padding-left: 30px !important;}\u00a0\u00bb themestek_responsive_css=\u00a0\u00bb12665472|colbreak_no|||||||||colbreak_no|||||||||colbreak_no||||||||15||colbreak_no|||||||||\u00a0\u00bb][vc_single_image image=\u00a0\u00bb9968&Prime; img_size=\u00a0\u00bb584&#215;400&Prime; el_class=\u00a0\u00bbthemestek-single-image-768&Prime;][vc_custom_heading text=\u00a0\u00bbCe que &hellip; <a href=\"https:\/\/chronorex-dz.com\/index.php\/testimonial\/frhti-store\/\" class=\"more-link\">Continue reading <span class=\"screen-reader-text\">Frhti Store<\/span><\/a><\/p>\n","protected":false},"author":2,"featured_media":0,"parent":0,"menu_order":7,"comment_status":"closed","ping_status":"closed","template":"","meta":{"footnotes":""},"yoast_head":"<!-- This site is optimized with the Yoast SEO Premium plugin v24.1 (Yoast SEO v24.5) - https:\/\/yoast.com\/wordpress\/plugins\/seo\/ -->\n<title>Qui sommes nous - CHRONOREX EXPRESS<\/title>\n<meta name=\"description\" content=\"D\u00e9couvrez Chronorex, la 1er entreprise de livraison en Alg\u00e9rie. En savoir plus sur notre mission et nos valeurs.\" \/>\n<meta name=\"robots\" content=\"index, follow, max-snippet:-1, max-image-preview:large, max-video-preview:-1\" \/>\n<link rel=\"canonical\" href=\"https:\/\/chronorex-dz.com\/index.php\/qui-sommes-nous\/\" \/>\n<meta property=\"og:locale\" content=\"fr_FR\" \/>\n<meta property=\"og:type\" content=\"article\" \/>\n<meta property=\"og:title\" content=\"Qui sommes nous\" \/>\n<meta property=\"og:description\" content=\"D\u00e9couvrez Chronorex, la 1er entreprise de livraison en Alg\u00e9rie. En savoir plus sur notre mission et nos valeurs.\" \/>\n<meta property=\"og:url\" content=\"https:\/\/chronorex-dz.com\/index.php\/qui-sommes-nous\/\" \/>\n<meta property=\"og:site_name\" content=\"CHRONOREX EXPRESS\" \/>\n<meta property=\"article:publisher\" content=\"https:\/\/www.facebook.com\/chronorex.express\" \/>\n<meta property=\"article:modified_time\" content=\"2024-07-08T12:46:22+00:00\" \/>\n<meta property=\"og:image\" content=\"https:\/\/chronorex-dz.com\/wp-content\/uploads\/2024\/06\/Opera-Snapshot_2024-06-06_202605_chronorex-dz.com_.png\" \/>\n\t<meta property=\"og:image:width\" content=\"1902\" \/>\n\t<meta property=\"og:image:height\" content=\"815\" \/>\n\t<meta property=\"og:image:type\" content=\"image\/png\" \/>\n<meta name=\"twitter:card\" content=\"summary_large_image\" \/>\n<meta name=\"twitter:site\" content=\"@chronorex_express\" \/>\n<meta name=\"twitter:label1\" content=\"Dur\u00e9e de lecture estim\u00e9e\" \/>\n\t<meta name=\"twitter:data1\" content=\"2 minutes\" \/>\n<script type=\"application\/ld+json\" class=\"yoast-schema-graph\">{\"@context\":\"https:\/\/schema.org\",\"@graph\":[{\"@type\":\"WebPage\",\"@id\":\"https:\/\/chronorex-dz.com\/index.php\/qui-sommes-nous\/\",\"url\":\"https:\/\/chronorex-dz.com\/index.php\/qui-sommes-nous\/\",\"name\":\"Qui sommes nous - CHRONOREX EXPRESS\",\"isPartOf\":{\"@id\":\"https:\/\/chronorex-dz.com\/#website\"},\"datePublished\":\"2018-08-03T08:06:05+00:00\",\"dateModified\":\"2024-07-08T12:46:22+00:00\",\"description\":\"D\u00e9couvrez Chronorex, la 1er entreprise de livraison en Alg\u00e9rie. En savoir plus sur notre mission et nos valeurs.\",\"breadcrumb\":{\"@id\":\"https:\/\/chronorex-dz.com\/index.php\/qui-sommes-nous\/#breadcrumb\"},\"inLanguage\":\"fr-FR\",\"potentialAction\":[{\"@type\":\"ReadAction\",\"target\":[\"https:\/\/chronorex-dz.com\/index.php\/qui-sommes-nous\/\"]}]},{\"@type\":\"BreadcrumbList\",\"@id\":\"https:\/\/chronorex-dz.com\/index.php\/qui-sommes-nous\/#breadcrumb\",\"itemListElement\":[{\"@type\":\"ListItem\",\"position\":1,\"name\":\"Home\",\"item\":\"https:\/\/chronorex-dz.com\/\"},{\"@type\":\"ListItem\",\"position\":2,\"name\":\"Qui sommes nous\"}]},{\"@type\":\"WebSite\",\"@id\":\"https:\/\/chronorex-dz.com\/#website\",\"url\":\"https:\/\/chronorex-dz.com\/\",\"name\":\"CHRONOREX EXPRESS\",\"description\":\"meilleur soci\u00e9t\u00e9 de livraison algerie\",\"publisher\":{\"@id\":\"https:\/\/chronorex-dz.com\/#organization\"},\"potentialAction\":[{\"@type\":\"SearchAction\",\"target\":{\"@type\":\"EntryPoint\",\"urlTemplate\":\"https:\/\/chronorex-dz.com\/?s={search_term_string}\"},\"query-input\":{\"@type\":\"PropertyValueSpecification\",\"valueRequired\":true,\"valueName\":\"search_term_string\"}}],\"inLanguage\":\"fr-FR\"},{\"@type\":\"Organization\",\"@id\":\"https:\/\/chronorex-dz.com\/#organization\",\"name\":\"CHRONOREX EXPRESS\",\"url\":\"https:\/\/chronorex-dz.com\/\",\"logo\":{\"@type\":\"ImageObject\",\"inLanguage\":\"fr-FR\",\"@id\":\"https:\/\/chronorex-dz.com\/#\/schema\/logo\/image\/\",\"url\":\"https:\/\/chronorex-dz.com\/wp-content\/uploads\/2024\/06\/chrono-logo-05.png\",\"contentUrl\":\"https:\/\/chronorex-dz.com\/wp-content\/uploads\/2024\/06\/chrono-logo-05.png\",\"width\":1921,\"height\":361,\"caption\":\"CHRONOREX EXPRESS\"},\"image\":{\"@id\":\"https:\/\/chronorex-dz.com\/#\/schema\/logo\/image\/\"},\"sameAs\":[\"https:\/\/www.facebook.com\/chronorex.express\",\"https:\/\/x.com\/chronorex_express\"],\"email\":\"contact@chronorex-dz.com\",\"telephone\":\"0798853653\",\"legalName\":\"SARL CHRONOREX EXPRESS\",\"foundingDate\":\"2024-07-07\",\"numberOfEmployees\":{\"@type\":\"QuantitativeValue\",\"minValue\":\"11\",\"maxValue\":\"50\"}}]}<\/script>\n<!-- \/ Yoast SEO Premium plugin. -->","yoast_head_json":{"title":"Qui sommes nous - CHRONOREX EXPRESS","description":"D\u00e9couvrez Chronorex, la 1er entreprise de livraison en Alg\u00e9rie. En savoir plus sur notre mission et nos valeurs.","robots":{"index":"index","follow":"follow","max-snippet":"max-snippet:-1","max-image-preview":"max-image-preview:large","max-video-preview":"max-video-preview:-1"},"canonical":"https:\/\/chronorex-dz.com\/index.php\/qui-sommes-nous\/","og_locale":"fr_FR","og_type":"article","og_title":"Qui sommes nous","og_description":"D\u00e9couvrez Chronorex, la 1er entreprise de livraison en Alg\u00e9rie. En savoir plus sur notre mission et nos valeurs.","og_url":"https:\/\/chronorex-dz.com\/index.php\/qui-sommes-nous\/","og_site_name":"CHRONOREX EXPRESS","article_publisher":"https:\/\/www.facebook.com\/chronorex.express","article_modified_time":"2024-07-08T12:46:22+00:00","og_image":[{"width":1902,"height":815,"url":"https:\/\/chronorex-dz.com\/wp-content\/uploads\/2024\/06\/Opera-Snapshot_2024-06-06_202605_chronorex-dz.com_.png","type":"image\/png"}],"twitter_card":"summary_large_image","twitter_site":"@chronorex_express","twitter_misc":{"Dur\u00e9e de lecture estim\u00e9e":"2 minutes"},"schema":{"@context":"https:\/\/schema.org","@graph":[{"@type":"WebPage","@id":"https:\/\/chronorex-dz.com\/index.php\/qui-sommes-nous\/","url":"https:\/\/chronorex-dz.com\/index.php\/qui-sommes-nous\/","name":"Qui sommes nous - CHRONOREX EXPRESS","isPartOf":{"@id":"https:\/\/chronorex-dz.com\/#website"},"datePublished":"2018-08-03T08:06:05+00:00","dateModified":"2024-07-08T12:46:22+00:00","description":"D\u00e9couvrez Chronorex, la 1er entreprise de livraison en Alg\u00e9rie. En savoir plus sur notre mission et nos valeurs.","breadcrumb":{"@id":"https:\/\/chronorex-dz.com\/index.php\/qui-sommes-nous\/#breadcrumb"},"inLanguage":"fr-FR","potentialAction":[{"@type":"ReadAction","target":["https:\/\/chronorex-dz.com\/index.php\/qui-sommes-nous\/"]}]},{"@type":"BreadcrumbList","@id":"https:\/\/chronorex-dz.com\/index.php\/qui-sommes-nous\/#breadcrumb","itemListElement":[{"@type":"ListItem","position":1,"name":"Home","item":"https:\/\/chronorex-dz.com\/"},{"@type":"ListItem","position":2,"name":"Qui sommes nous"}]},{"@type":"WebSite","@id":"https:\/\/chronorex-dz.com\/#website","url":"https:\/\/chronorex-dz.com\/","name":"CHRONOREX EXPRESS","description":"meilleur soci\u00e9t\u00e9 de livraison algerie","publisher":{"@id":"https:\/\/chronorex-dz.com\/#organization"},"potentialAction":[{"@type":"SearchAction","target":{"@type":"EntryPoint","urlTemplate":"https:\/\/chronorex-dz.com\/?s={search_term_string}"},"query-input":{"@type":"PropertyValueSpecification","valueRequired":true,"valueName":"search_term_string"}}],"inLanguage":"fr-FR"},{"@type":"Organization","@id":"https:\/\/chronorex-dz.com\/#organization","name":"CHRONOREX EXPRESS","url":"https:\/\/chronorex-dz.com\/","logo":{"@type":"ImageObject","inLanguage":"fr-FR","@id":"https:\/\/chronorex-dz.com\/#\/schema\/logo\/image\/","url":"https:\/\/chronorex-dz.com\/wp-content\/uploads\/2024\/06\/chrono-logo-05.png","contentUrl":"https:\/\/chronorex-dz.com\/wp-content\/uploads\/2024\/06\/chrono-logo-05.png","width":1921,"height":361,"caption":"CHRONOREX EXPRESS"},"image":{"@id":"https:\/\/chronorex-dz.com\/#\/schema\/logo\/image\/"},"sameAs":["https:\/\/www.facebook.com\/chronorex.express","https:\/\/x.com\/chronorex_express"],"email":"contact@chronorex-dz.com","telephone":"0798853653","legalName":"SARL CHRONOREX EXPRESS","foundingDate":"2024-07-07","numberOfEmployees":{"@type":"QuantitativeValue","minValue":"11","maxValue":"50"}}]}},"_links":{"self":[{"href":"https:\/\/chronorex-dz.com\/index.php\/wp-json\/wp\/v2\/pages\/6669"}],"collection":[{"href":"https:\/\/chronorex-dz.com\/index.php\/wp-json\/wp\/v2\/pages"}],"about":[{"href":"https:\/\/chronorex-dz.com\/index.php\/wp-json\/wp\/v2\/types\/page"}],"author":[{"embeddable":true,"href":"https:\/\/chronorex-dz.com\/index.php\/wp-json\/wp\/v2\/users\/2"}],"replies":[{"embeddable":true,"href":"https:\/\/chronorex-dz.com\/index.php\/wp-json\/wp\/v2\/comments?post=6669"}],"version-history":[{"count":0,"href":"https:\/\/chronorex-dz.com\/index.php\/wp-json\/wp\/v2\/pages\/6669\/revisions"}],"wp:attachment":[{"href":"https:\/\/chronorex-dz.com\/index.php\/wp-json\/wp\/v2\/media?parent=6669"}],"curies":[{"name":"wp","href":"https:\/\/api.w.org\/{rel}","templated":true}]}}